{"id":659,"date":"2025-10-22T09:26:31","date_gmt":"2025-10-22T09:26:31","guid":{"rendered":"https:\/\/leyendadeolivo.com\/legal-notice\/"},"modified":"2025-10-30T08:07:30","modified_gmt":"2025-10-30T08:07:30","slug":"aviso-legal","status":"publish","type":"page","link":"https:\/\/leyendadeolivo.com\/es\/aviso-legal\/","title":{"rendered":"Aviso legal"},"content":{"rendered":"\n\t<section class=\"section\" id=\"section_75335393\">\n\t\t<div class=\"section-bg fill\" >\n\t\t\t\t\t\t\t\t\t\n\t\t\t\n\n\t\t<\/div>\n\n\t\t\n\n\t\t<div class=\"section-content relative\">\n\t\t\t\n\t<div id=\"gap-1028759004\" class=\"gap-element clearfix\" style=\"display:block; height:auto;\">\n\t\t\n<style>\n#gap-1028759004 {\n  padding-top: 80px;\n}\n@media (min-width:550px) {\n  #gap-1028759004 {\n    padding-top: 120px;\n  }\n}\n<\/style>\n\t<\/div>\n\t\n<div class=\"row\" style=\"max-width:1000px\" id=\"row-1796568735\">\n\n\t<div id=\"col-106783080\" class=\"col small-12 large-12\"  >\n\t\t\t\t<div class=\"col-inner\"  >\n\t\t\t\n\t\t\t\n\t<div id=\"text-264493830\" class=\"text legal-text\">\n\t\t\n<section class=\"legal-text\">\n<h1>Aviso Legal<\/h1>\n<h3>1. Informaci\u00f3n Legal<\/h3>\n<p>\n    Este sitio web, <a href=\"https:\/\/leyendadeolivo.com\" target=\"_blank\" rel=\"noopener\">https:\/\/leyendadeolivo.com<\/a>,<br \/>\n    es propiedad y est\u00e1 operado por <strong>Leyenda de Olivo, S.C.<\/strong>, una sociedad civil espa\u00f1ola inscrita con el n\u00famero de identificaci\u00f3n fiscal<br \/>\n    <strong>J12989430<\/strong>, con domicilio social en <strong>Calle Ram\u00f3n y Cajal, 46 \u2013 12330 Traiguera (Castell\u00f3n), Espa\u00f1a<\/strong>.\n  <\/p>\n<p>\n    <strong>Contacto:<\/strong><br \/>\n    Correo electr\u00f3nico: <a href=\"mailto:info@leyendadeolivo.com\">info@leyendadeolivo.com<\/a><br \/>\n    Direcci\u00f3n: Calle Ram\u00f3n y Cajal, 46 \u2013 12330 Traiguera (Castell\u00f3n), Espa\u00f1a\n  <\/p>\n<h3>2. Finalidad del Sitio Web<\/h3>\n<p>\n    La finalidad de este sitio web es ofrecer informaci\u00f3n sobre los productos, servicios y actividades de Leyenda de Olivo relacionadas con el sector del aceite de oliva, as\u00ed como facilitar el contacto a trav\u00e9s de los formularios disponibles.\n  <\/p>\n<h3>3. Condiciones de Uso<\/h3>\n<ul>\n<li>El contenido del sitio web tiene car\u00e1cter meramente informativo.<\/li>\n<li>Leyenda de Olivo, S.C. se reserva el derecho a modificar, actualizar o eliminar cualquier informaci\u00f3n o servicio ofrecido en este sitio sin previo aviso.<\/li>\n<li>El usuario se compromete a utilizar el sitio web conforme a la ley, la buena fe y el orden p\u00fablico. Queda estrictamente prohibido el uso indebido del sitio web o de sus contenidos.<\/li>\n<\/ul>\n<h3>4. Propiedad Intelectual<\/h3>\n<p>\n    Todo el contenido de este sitio web, incluyendo, entre otros, textos, im\u00e1genes, logotipos, marcas, dise\u00f1os y c\u00f3digo fuente, es propiedad de Leyenda de Olivo, S.C. o de sus respectivos titulares, y est\u00e1 protegido por las leyes nacionales e internacionales de propiedad intelectual.\n  <\/p>\n<p>\n    Queda estrictamente prohibida cualquier reproducci\u00f3n, distribuci\u00f3n o modificaci\u00f3n de dichos contenidos sin la autorizaci\u00f3n expresa de sus titulares.\n  <\/p>\n<h3>5. Limitaci\u00f3n de Responsabilidad<\/h3>\n<p>\n    Leyenda de Olivo, S.C. no se hace responsable de:\n  <\/p>\n<ul>\n<li>Errores u omisiones en el contenido de este sitio web.<\/li>\n<li>Cualesquiera da\u00f1os o perjuicios derivados del uso de la informaci\u00f3n o de los materiales contenidos en el sitio.<\/li>\n<li>La presencia de virus u otros elementos da\u00f1inos que puedan afectar a los sistemas inform\u00e1ticos de los usuarios.<\/li>\n<\/ul>\n<p>\n    No obstante, la empresa adoptar\u00e1 todas las medidas razonables para garantizar la seguridad y el correcto funcionamiento del sitio web.\n  <\/p>\n<h3>6. Legislaci\u00f3n Aplicable y Jurisdicci\u00f3n<\/h3>\n<p>\n    El presente Aviso Legal se rige por la legislaci\u00f3n espa\u00f1ola. Cualquier controversia derivada del uso de este sitio web se someter\u00e1 a los juzgados y tribunales de <strong>Castell\u00f3n (Espa\u00f1a)<\/strong>.\n  <\/p>\n<\/section>\n\t\t\t<\/div>\n\t\n\t\t<\/div>\n\t\t\t\t\t<\/div>\n\n\t\n<\/div>\n\t\t<\/div>\n\n\t\t\n<style>\n#section_75335393 {\n  padding-top: 0px;\n  padding-bottom: 0px;\n}\n<\/style>\n\t<\/section>\n\t\n","protected":false},"excerpt":{"rendered":"","protected":false},"author":1,"featured_media":0,"parent":0,"menu_order":0,"comment_status":"closed","ping_status":"closed","template":"","meta":{"footnotes":""},"class_list":["post-659","page","type-page","status-publish","hentry"],"yoast_head":"<!-- This site is optimized with the Yoast SEO plugin v27.1.1 - https:\/\/yoast.com\/product\/yoast-seo-wordpress\/ -->\n<title>Aviso legal | Leyenda de Olivo<\/title>\n<meta name=\"robots\" content=\"noindex, nofollow\" \/>\n<meta property=\"og:locale\" content=\"es_ES\" \/>\n<meta property=\"og:type\" content=\"article\" \/>\n<meta property=\"og:title\" content=\"Aviso legal | Leyenda de Olivo\" \/>\n<meta property=\"og:url\" content=\"https:\/\/leyendadeolivo.com\/es\/aviso-legal\/\" \/>\n<meta property=\"og:site_name\" content=\"Leyenda de Olivo\" \/>\n<meta property=\"article:publisher\" content=\"https:\/\/www.facebook.com\/leyendadeolivo\" \/>\n<meta property=\"article:modified_time\" content=\"2025-10-30T08:07:30+00:00\" \/>\n<meta property=\"og:image\" content=\"https:\/\/leyendadeolivo.com\/wp-content\/uploads\/2025\/10\/our-legacy-home.jpg\" \/>\n\t<meta property=\"og:image:width\" content=\"569\" \/>\n\t<meta property=\"og:image:height\" content=\"717\" \/>\n\t<meta property=\"og:image:type\" content=\"image\/jpeg\" \/>\n<meta name=\"twitter:card\" content=\"summary_large_image\" \/>\n<meta name=\"twitter:label1\" content=\"Tiempo de lectura\" \/>\n\t<meta name=\"twitter:data1\" content=\"2 minutos\" \/>\n<script type=\"application\/ld+json\" class=\"yoast-schema-graph\">{\"@context\":\"https:\/\/schema.org\",\"@graph\":[{\"@type\":\"WebPage\",\"@id\":\"https:\/\/leyendadeolivo.com\/es\/aviso-legal\/\",\"url\":\"https:\/\/leyendadeolivo.com\/es\/aviso-legal\/\",\"name\":\"Aviso legal | Leyenda de Olivo\",\"isPartOf\":{\"@id\":\"https:\/\/leyendadeolivo.com\/es\/#website\"},\"datePublished\":\"2025-10-22T09:26:31+00:00\",\"dateModified\":\"2025-10-30T08:07:30+00:00\",\"breadcrumb\":{\"@id\":\"https:\/\/leyendadeolivo.com\/es\/aviso-legal\/#breadcrumb\"},\"inLanguage\":\"es\",\"potentialAction\":[{\"@type\":\"ReadAction\",\"target\":[\"https:\/\/leyendadeolivo.com\/es\/aviso-legal\/\"]}]},{\"@type\":\"BreadcrumbList\",\"@id\":\"https:\/\/leyendadeolivo.com\/es\/aviso-legal\/#breadcrumb\",\"itemListElement\":[{\"@type\":\"ListItem\",\"position\":1,\"name\":\"Portada\",\"item\":\"https:\/\/leyendadeolivo.com\/es\/\"},{\"@type\":\"ListItem\",\"position\":2,\"name\":\"Aviso legal\"}]},{\"@type\":\"WebSite\",\"@id\":\"https:\/\/leyendadeolivo.com\/es\/#website\",\"url\":\"https:\/\/leyendadeolivo.com\/es\/\",\"name\":\"Leyenda de Olivo\",\"description\":\"The luxury of the essential. The purity of the eternal.\",\"publisher\":{\"@id\":\"https:\/\/leyendadeolivo.com\/es\/#organization\"},\"alternateName\":\"Leyenda de Olivo\",\"potentialAction\":[{\"@type\":\"SearchAction\",\"target\":{\"@type\":\"EntryPoint\",\"urlTemplate\":\"https:\/\/leyendadeolivo.com\/es\/?s={search_term_string}\"},\"query-input\":{\"@type\":\"PropertyValueSpecification\",\"valueRequired\":true,\"valueName\":\"search_term_string\"}}],\"inLanguage\":\"es\"},{\"@type\":\"Organization\",\"@id\":\"https:\/\/leyendadeolivo.com\/es\/#organization\",\"name\":\"Leyenda del Olivo\",\"alternateName\":\"Leyenda del Olivo\",\"url\":\"https:\/\/leyendadeolivo.com\/es\/\",\"logo\":{\"@type\":\"ImageObject\",\"inLanguage\":\"es\",\"@id\":\"https:\/\/leyendadeolivo.com\/es\/#\/schema\/logo\/image\/\",\"url\":\"https:\/\/leyendadeolivo.com\/wp-content\/uploads\/2025\/10\/logo-header.svg\",\"contentUrl\":\"https:\/\/leyendadeolivo.com\/wp-content\/uploads\/2025\/10\/logo-header.svg\",\"width\":1,\"height\":1,\"caption\":\"Leyenda del Olivo\"},\"image\":{\"@id\":\"https:\/\/leyendadeolivo.com\/es\/#\/schema\/logo\/image\/\"},\"sameAs\":[\"https:\/\/www.facebook.com\/leyendadeolivo\",\"https:\/\/www.instagram.com\/leyendadeolivo\/\"]}]}<\/script>\n<!-- \/ Yoast SEO plugin. -->","yoast_head_json":{"title":"Aviso legal | Leyenda de Olivo","robots":{"index":"noindex","follow":"nofollow"},"og_locale":"es_ES","og_type":"article","og_title":"Aviso legal | Leyenda de Olivo","og_url":"https:\/\/leyendadeolivo.com\/es\/aviso-legal\/","og_site_name":"Leyenda de Olivo","article_publisher":"https:\/\/www.facebook.com\/leyendadeolivo","article_modified_time":"2025-10-30T08:07:30+00:00","og_image":[{"width":569,"height":717,"url":"https:\/\/leyendadeolivo.com\/wp-content\/uploads\/2025\/10\/our-legacy-home.jpg","type":"image\/jpeg"}],"twitter_card":"summary_large_image","twitter_misc":{"Tiempo de lectura":"2 minutos"},"schema":{"@context":"https:\/\/schema.org","@graph":[{"@type":"WebPage","@id":"https:\/\/leyendadeolivo.com\/es\/aviso-legal\/","url":"https:\/\/leyendadeolivo.com\/es\/aviso-legal\/","name":"Aviso legal | Leyenda de Olivo","isPartOf":{"@id":"https:\/\/leyendadeolivo.com\/es\/#website"},"datePublished":"2025-10-22T09:26:31+00:00","dateModified":"2025-10-30T08:07:30+00:00","breadcrumb":{"@id":"https:\/\/leyendadeolivo.com\/es\/aviso-legal\/#breadcrumb"},"inLanguage":"es","potentialAction":[{"@type":"ReadAction","target":["https:\/\/leyendadeolivo.com\/es\/aviso-legal\/"]}]},{"@type":"BreadcrumbList","@id":"https:\/\/leyendadeolivo.com\/es\/aviso-legal\/#breadcrumb","itemListElement":[{"@type":"ListItem","position":1,"name":"Portada","item":"https:\/\/leyendadeolivo.com\/es\/"},{"@type":"ListItem","position":2,"name":"Aviso legal"}]},{"@type":"WebSite","@id":"https:\/\/leyendadeolivo.com\/es\/#website","url":"https:\/\/leyendadeolivo.com\/es\/","name":"Leyenda de Olivo","description":"The luxury of the essential. The purity of the eternal.","publisher":{"@id":"https:\/\/leyendadeolivo.com\/es\/#organization"},"alternateName":"Leyenda de Olivo","potentialAction":[{"@type":"SearchAction","target":{"@type":"EntryPoint","urlTemplate":"https:\/\/leyendadeolivo.com\/es\/?s={search_term_string}"},"query-input":{"@type":"PropertyValueSpecification","valueRequired":true,"valueName":"search_term_string"}}],"inLanguage":"es"},{"@type":"Organization","@id":"https:\/\/leyendadeolivo.com\/es\/#organization","name":"Leyenda del Olivo","alternateName":"Leyenda del Olivo","url":"https:\/\/leyendadeolivo.com\/es\/","logo":{"@type":"ImageObject","inLanguage":"es","@id":"https:\/\/leyendadeolivo.com\/es\/#\/schema\/logo\/image\/","url":"https:\/\/leyendadeolivo.com\/wp-content\/uploads\/2025\/10\/logo-header.svg","contentUrl":"https:\/\/leyendadeolivo.com\/wp-content\/uploads\/2025\/10\/logo-header.svg","width":1,"height":1,"caption":"Leyenda del Olivo"},"image":{"@id":"https:\/\/leyendadeolivo.com\/es\/#\/schema\/logo\/image\/"},"sameAs":["https:\/\/www.facebook.com\/leyendadeolivo","https:\/\/www.instagram.com\/leyendadeolivo\/"]}]}},"_links":{"self":[{"href":"https:\/\/leyendadeolivo.com\/es\/wp-json\/wp\/v2\/pages\/659","targetHints":{"allow":["GET"]}}],"collection":[{"href":"https:\/\/leyendadeolivo.com\/es\/wp-json\/wp\/v2\/pages"}],"about":[{"href":"https:\/\/leyendadeolivo.com\/es\/wp-json\/wp\/v2\/types\/page"}],"author":[{"embeddable":true,"href":"https:\/\/leyendadeolivo.com\/es\/wp-json\/wp\/v2\/users\/1"}],"replies":[{"embeddable":true,"href":"https:\/\/leyendadeolivo.com\/es\/wp-json\/wp\/v2\/comments?post=659"}],"version-history":[{"count":3,"href":"https:\/\/leyendadeolivo.com\/es\/wp-json\/wp\/v2\/pages\/659\/revisions"}],"predecessor-version":[{"id":662,"href":"https:\/\/leyendadeolivo.com\/es\/wp-json\/wp\/v2\/pages\/659\/revisions\/662"}],"wp:attachment":[{"href":"https:\/\/leyendadeolivo.com\/es\/wp-json\/wp\/v2\/media?parent=659"}],"curies":[{"name":"wp","href":"https:\/\/api.w.org\/{rel}","templated":true}]}}