{"id":616,"date":"2025-10-20T13:41:31","date_gmt":"2025-10-20T13:41:31","guid":{"rendered":"https:\/\/leyendadeolivo.com\/contact\/"},"modified":"2025-10-30T17:18:29","modified_gmt":"2025-10-30T17:18:29","slug":"contacto","status":"publish","type":"page","link":"https:\/\/leyendadeolivo.com\/es\/contacto\/","title":{"rendered":"Contacto"},"content":{"rendered":"\n\t<section class=\"section z-index-2\" id=\"section_828648905\">\n\t\t<div class=\"section-bg fill\" >\n\t\t\t<img loading=\"lazy\" decoding=\"async\" width=\"1920\" height=\"833\" src=\"https:\/\/leyendadeolivo.com\/wp-content\/uploads\/2025\/10\/vista-del-tronco-del-arbol-en-el-campo-3.jpg\" class=\"bg attachment- size-\" alt=\"contact us\" \/>\t\t\t\t\t\t\n\t\t\t\n\n\t\t<\/div>\n\n\t\t\n\n\t\t<div class=\"section-content relative\">\n\t\t\t\n\t<div id=\"gap-1418401655\" class=\"gap-element clearfix\" style=\"display:block; height:auto;\">\n\t\t\n<style>\n#gap-1418401655 {\n  padding-top: 80px;\n}\n@media (min-width:850px) {\n  #gap-1418401655 {\n    padding-top: 30px;\n  }\n}\n<\/style>\n\t<\/div>\n\t\n<div class=\"row contact-row\"  id=\"row-1439337582\">\n\n\t<div id=\"col-182330925\" class=\"col small-12 large-12\"  >\n\t\t\t\t<div class=\"col-inner\"  >\n\t\t\t\n\t\t\t\n\t<div id=\"text-1686051473\" class=\"text txt-m-0 italic\">\n\t\t\n<p>Contacta con nosotros<\/p>\n\t\t\n<style>\n#text-1686051473 {\n  font-size: 3rem;\n  line-height: 1.2;\n  text-align: center;\n  color: rgb(255, 255, 255);\n}\n#text-1686051473 > * {\n  color: rgb(255, 255, 255);\n}\n@media (min-width:850px) {\n  #text-1686051473 {\n    font-size: 3.5rem;\n  }\n}\n<\/style>\n\t<\/div>\n\t\n\t<div id=\"gap-921341455\" class=\"gap-element clearfix\" style=\"display:block; height:auto;\">\n\t\t\n<style>\n#gap-921341455 {\n  padding-top: 40px;\n}\n<\/style>\n\t<\/div>\n\t\n\t\t<\/div>\n\t\t\t\t\t<\/div>\n\n\t\n<\/div>\n<div class=\"row row-collapse contact-row\" style=\"max-width:850px\" id=\"row-326628743\">\n\n\t<div id=\"col-181181298\" class=\"col small-12 large-12\"  >\n\t\t\t\t<div class=\"col-inner\" style=\"background-color:rgb(251, 251, 251);\" >\n\t\t\t\n\t\t\t\n\t<div id=\"text-2151148884\" class=\"text txt-m-0 italic\">\n\t\t\n<p>Tu mensaje es parte de nuestro legado<\/p>\n\t\t\n<style>\n#text-2151148884 {\n  font-size: 1.5rem;\n  line-height: 1.2;\n  text-align: center;\n}\n@media (min-width:550px) {\n  #text-2151148884 {\n    font-size: 1.75rem;\n  }\n}\n@media (min-width:850px) {\n  #text-2151148884 {\n    font-size: 2rem;\n  }\n}\n<\/style>\n\t<\/div>\n\t\n\t<div id=\"gap-1159546913\" class=\"gap-element clearfix\" style=\"display:block; height:auto;\">\n\t\t\n<style>\n#gap-1159546913 {\n  padding-top: 40px;\n}\n@media (min-width:550px) {\n  #gap-1159546913 {\n    padding-top: 60px;\n  }\n}\n<\/style>\n\t<\/div>\n\t\n\n<div class=\"frm_forms \" id=\"frm_form_2_container\" data-token=\"a1d77c66ca26457f3b482269e9b6063d\">\n<form enctype=\"multipart\/form-data\" method=\"post\" class=\"frm-show-form  frm_pro_form \" id=\"form_contacto-form\" data-token=\"a1d77c66ca26457f3b482269e9b6063d\">\n<div class=\"frm_form_fields \">\n<fieldset>\n<legend class=\"frm_screen_reader\">Contacto<\/legend>\r\n\r\n<div class=\"frm_fields_container\">\n<input type=\"hidden\" name=\"frm_action\" value=\"create\" \/>\n<input type=\"hidden\" name=\"form_id\" value=\"2\" \/>\n<input type=\"hidden\" name=\"frm_hide_fields_2\" id=\"frm_hide_fields_2\" value=\"\" \/>\n<input type=\"hidden\" name=\"form_key\" value=\"contacto-form\" \/>\n<input type=\"hidden\" name=\"item_meta[0]\" value=\"\" \/>\n<input type=\"hidden\" id=\"frm_submit_entry_2\" name=\"frm_submit_entry_2\" value=\"fb9f59d0c8\" \/><input type=\"hidden\" name=\"_wp_http_referer\" value=\"\/es\/wp-json\/wp\/v2\/pages\/616\" \/><div id=\"frm_field_11_container\" class=\"frm_form_field form-field  frm_required_field frm_none_container frm12 frm_first\">\r\n\t<label for=\"field_qh4icy2\" id=\"field_qh4icy2_label\" class=\"frm_primary_label\">Nombre\r\n\t\t<span class=\"frm_required\" aria-hidden=\"true\">*<\/span>\r\n\t<\/label>\r\n\t<input  type=\"text\" id=\"field_qh4icy2\" name=\"item_meta[11]\" value=\"\"  placeholder=\"Nombre *\" data-reqmsg=\"Nombre no puede estar en blanco.\" aria-required=\"true\" data-invmsg=\"Nombre no es v\u00e1lido\" aria-invalid=\"false\"   \/>\r\n\t\r\n\t\r\n<\/div>\n<div id=\"frm_field_12_container\" class=\"frm_form_field form-field  frm_required_field frm_none_container frm_full\">\r\n\t<label for=\"field_29yf4d2\" id=\"field_29yf4d2_label\" class=\"frm_primary_label\">Correo electr\u00f3nico\r\n\t\t<span class=\"frm_required\" aria-hidden=\"true\">*<\/span>\r\n\t<\/label>\r\n\t<input type=\"email\" id=\"field_29yf4d2\" name=\"item_meta[12]\" value=\"\"  placeholder=\"Correo electr\u00f3nico *\" data-reqmsg=\"Correo electr\u00f3nico no puede estar en blanco.\" aria-required=\"true\" data-invmsg=\"Por favor, introduce una direcci\u00f3n de correo electr\u00f3nico v\u00e1lida\" aria-invalid=\"false\"  \/>\r\n\t\r\n\t\r\n<\/div>\n<div id=\"frm_field_13_container\" class=\"frm_form_field form-field  frm_required_field frm_none_container\">\r\n\t<label for=\"field_38myn2\" id=\"field_38myn2_label\" class=\"frm_primary_label\">Tel\u00e9fono\r\n\t\t<span class=\"frm_required\" aria-hidden=\"true\">*<\/span>\r\n\t<\/label>\r\n\t<input type=\"tel\" id=\"field_38myn2\" name=\"item_meta[13]\" value=\"\"  placeholder=\"Tel\u00e9fono *\" data-reqmsg=\"Tel\u00e9fono no puede estar en blanco.\" aria-required=\"true\" data-invmsg=\"Tel\u00e9fono no es v\u00e1lido\" aria-invalid=\"false\" pattern=\"((\\+\\d{1,3}(-|.| )?\\(?\\d\\)?(-| |.)?\\d{1,5})|(\\(?\\d{2,6}\\)?))(-|.| )?(\\d{3,4})(-|.| )?(\\d{4})(( x| ext)\\d{1,5}){0,1}$\"  \/>\r\n\t\r\n\t\r\n<\/div>\n<div id=\"frm_field_14_container\" class=\"frm_form_field form-field  frm_required_field frm_none_container\">\r\n\t<label for=\"field_immjy2\" id=\"field_immjy2_label\" class=\"frm_primary_label\">Mensaje\r\n\t\t<span class=\"frm_required\" aria-hidden=\"true\">*<\/span>\r\n\t<\/label>\r\n\t<textarea data-auto-grow=\"1\"  name=\"item_meta[14]\" id=\"field_immjy2\" rows=\"1\"  placeholder=\"Mensaje *\" data-reqmsg=\"Mensaje no puede estar en blanco.\" aria-required=\"true\" data-invmsg=\"Mensaje no es v\u00e1lido\" aria-invalid=\"false\"  ><\/textarea>\r\n\t\r\n\t\r\n<\/div>\n<div id=\"frm_field_15_container\" class=\"frm_form_field form-field  frm_required_field frm_none_container gdpr-check frm_first frm8 vertical_radio\">\r\n\t<div  id=\"field_lfz2l2_label\" class=\"frm_primary_label\">GDPR\r\n\t\t<span class=\"frm_required\" aria-hidden=\"true\">*<\/span>\r\n\t<\/div>\r\n\t<div class=\"frm_opt_container\" aria-labelledby=\"field_lfz2l2_label\" role=\"group\">\t\t<div class=\"frm_checkbox\" id=\"frm_checkbox_15-0\">\t\t\t<label  for=\"field_lfz2l2-0\">\n\t\t\t<input type=\"checkbox\" name=\"item_meta[15][]\" id=\"field_lfz2l2-0\" value=\"He le\u00eddo y acepto la &lt;a href=&quot;\/es\/politica-de-privacidad\/&quot; target=&quot;_blank&quot;&gt;pol\u00edtica de privacidad.&lt;\/a&gt;\"  data-reqmsg=\"GDPR no puede estar en blanco.\" data-invmsg=\"GDPR no es v\u00e1lido\"   aria-required=\"true\"  \/> He le\u00eddo y acepto la <a href=\"\/es\/politica-de-privacidad\/\" target=\"_blank\">pol\u00edtica de privacidad.<\/a><\/label><\/div>\n<\/div>\r\n\t\r\n\t\r\n<\/div>\n<div id=\"frm_field_16_container\" class=\"frm_form_field form-field  frm_alignright frm4\">\r\n\t<div class=\"frm_submit frm_flex\">\r\n<button class=\"frm_button_submit frm_final_submit button primary\" type=\"submit\"   formnovalidate=\"formnovalidate\"><span>Enviar<\/span><\/button>\r\n\r\n\r\n\r\n<\/div>\r\n<\/div>\n\t<input type=\"hidden\" name=\"item_key\" value=\"\" \/>\n\t\t\t<div id=\"frm_field_17_container\">\n\t\t\t<label for=\"field_h0q67\" >\n\t\t\t\tSi eres humano, deja este campo en blanco.\t\t\t<\/label>\n\t\t\t<input  id=\"field_h0q67\" type=\"text\" class=\"frm_form_field form-field frm_verify\" name=\"item_meta[17]\" value=\"\"  \/>\n\t\t<\/div>\n\t\t<input name=\"frm_state\" type=\"hidden\" value=\"cK9b+tvpuP1NX3dfpUJ\/VeNmiLUJyuUnf9FcZWZ5GDcc73R\/5EfNr+5ukJ1FiuMM\" \/><\/div>\n<\/fieldset>\n<\/div>\n\n<\/form>\n<\/div>\n\n\n\t\t<\/div>\n\t\t\t\t\n<style>\n#col-181181298 > .col-inner {\n  padding: 30px 30px 20px 30px;\n}\n@media (min-width:550px) {\n  #col-181181298 > .col-inner {\n    padding: 50px 50px 20px 50px;\n  }\n}\n<\/style>\n\t<\/div>\n\n\t\n<\/div>\n\t\t<\/div>\n\n\t\t\n<style>\n#section_828648905 {\n  padding-top: 0px;\n  padding-bottom: 0px;\n  min-height: 0px;\n  background-color: rgba(0, 0, 0, 0.2);\n}\n<\/style>\n\t<\/section>\n\t\n\n\t<section class=\"section\" id=\"section_531284905\">\n\t\t<div class=\"section-bg fill\" >\n\t\t\t\t\t\t\t\t\t\n\t\t\t\n\n\t\t<\/div>\n\n\t\t\n\n\t\t<div class=\"section-content relative\">\n\t\t\t\n\t<div id=\"gap-1661616350\" class=\"gap-element clearfix hide-for-small\" style=\"display:block; height:auto;\">\n\t\t\n<style>\n#gap-1661616350 {\n  padding-top: 150px;\n}\n@media (min-width:550px) {\n  #gap-1661616350 {\n    padding-top: 350px;\n  }\n}\n<\/style>\n\t<\/div>\n\t\n\t\t<\/div>\n\n\t\t\n<style>\n#section_531284905 {\n  padding-top: 0px;\n  padding-bottom: 0px;\n  margin-bottom: 0px;\n  background-color: rgb(255, 255, 255);\n}\n<\/style>\n\t<\/section>\n\t\n","protected":false},"excerpt":{"rendered":"","protected":false},"author":1,"featured_media":617,"parent":0,"menu_order":0,"comment_status":"closed","ping_status":"closed","template":"","meta":{"footnotes":""},"class_list":["post-616","page","type-page","status-publish","has-post-thumbnail","hentry"],"yoast_head":"<!-- This site is optimized with the Yoast SEO plugin v27.1.1 - https:\/\/yoast.com\/product\/yoast-seo-wordpress\/ -->\n<title>Cont\u00e1ctanos | Leyenda de Olivo<\/title>\n<meta name=\"description\" content=\"Ponte en contacto con Leyenda de Olivo para obtener informaci\u00f3n sobre nuestros aceites de oliva exclusivos. Recibe asesoramiento personalizado.\" \/>\n<meta name=\"robots\" content=\"index, follow, max-snippet:-1, max-image-preview:large, max-video-preview:-1\" \/>\n<link rel=\"canonical\" href=\"https:\/\/leyendadeolivo.com\/es\/contacto\/\" \/>\n<meta property=\"og:locale\" content=\"es_ES\" \/>\n<meta property=\"og:type\" content=\"article\" \/>\n<meta property=\"og:title\" content=\"Cont\u00e1ctanos | Leyenda de Olivo\" \/>\n<meta property=\"og:description\" content=\"Ponte en contacto con Leyenda de Olivo para obtener informaci\u00f3n sobre nuestros aceites de oliva exclusivos. Recibe asesoramiento personalizado.\" \/>\n<meta property=\"og:url\" content=\"https:\/\/leyendadeolivo.com\/es\/contacto\/\" \/>\n<meta property=\"og:site_name\" content=\"Leyenda de Olivo\" \/>\n<meta property=\"article:publisher\" content=\"https:\/\/www.facebook.com\/leyendadeolivo\" \/>\n<meta property=\"article:modified_time\" content=\"2025-10-30T17:18:29+00:00\" \/>\n<meta property=\"og:image\" content=\"https:\/\/leyendadeolivo.com\/wp-content\/uploads\/2025\/10\/vista-del-tronco-del-arbol-en-el-campo-3.jpg\" \/>\n\t<meta property=\"og:image:width\" content=\"1920\" \/>\n\t<meta property=\"og:image:height\" content=\"833\" \/>\n\t<meta property=\"og:image:type\" content=\"image\/jpeg\" \/>\n<meta name=\"twitter:card\" content=\"summary_large_image\" \/>\n<meta name=\"twitter:label1\" content=\"Tiempo de lectura\" \/>\n\t<meta name=\"twitter:data1\" content=\"1 minuto\" \/>\n<script type=\"application\/ld+json\" class=\"yoast-schema-graph\">{\"@context\":\"https:\/\/schema.org\",\"@graph\":[{\"@type\":\"WebPage\",\"@id\":\"https:\/\/leyendadeolivo.com\/es\/contacto\/\",\"url\":\"https:\/\/leyendadeolivo.com\/es\/contacto\/\",\"name\":\"Cont\u00e1ctanos | Leyenda de Olivo\",\"isPartOf\":{\"@id\":\"https:\/\/leyendadeolivo.com\/es\/#website\"},\"primaryImageOfPage\":{\"@id\":\"https:\/\/leyendadeolivo.com\/es\/contacto\/#primaryimage\"},\"image\":{\"@id\":\"https:\/\/leyendadeolivo.com\/es\/contacto\/#primaryimage\"},\"thumbnailUrl\":\"https:\/\/leyendadeolivo.com\/wp-content\/uploads\/2025\/10\/vista-del-tronco-del-arbol-en-el-campo-3.jpg\",\"datePublished\":\"2025-10-20T13:41:31+00:00\",\"dateModified\":\"2025-10-30T17:18:29+00:00\",\"description\":\"Ponte en contacto con Leyenda de Olivo para obtener informaci\u00f3n sobre nuestros aceites de oliva exclusivos. Recibe asesoramiento personalizado.\",\"breadcrumb\":{\"@id\":\"https:\/\/leyendadeolivo.com\/es\/contacto\/#breadcrumb\"},\"inLanguage\":\"es\",\"potentialAction\":[{\"@type\":\"ReadAction\",\"target\":[\"https:\/\/leyendadeolivo.com\/es\/contacto\/\"]}]},{\"@type\":\"ImageObject\",\"inLanguage\":\"es\",\"@id\":\"https:\/\/leyendadeolivo.com\/es\/contacto\/#primaryimage\",\"url\":\"https:\/\/leyendadeolivo.com\/wp-content\/uploads\/2025\/10\/vista-del-tronco-del-arbol-en-el-campo-3.jpg\",\"contentUrl\":\"https:\/\/leyendadeolivo.com\/wp-content\/uploads\/2025\/10\/vista-del-tronco-del-arbol-en-el-campo-3.jpg\",\"width\":1920,\"height\":833,\"caption\":\"contact us\"},{\"@type\":\"BreadcrumbList\",\"@id\":\"https:\/\/leyendadeolivo.com\/es\/contacto\/#breadcrumb\",\"itemListElement\":[{\"@type\":\"ListItem\",\"position\":1,\"name\":\"Portada\",\"item\":\"https:\/\/leyendadeolivo.com\/es\/\"},{\"@type\":\"ListItem\",\"position\":2,\"name\":\"Contacto\"}]},{\"@type\":\"WebSite\",\"@id\":\"https:\/\/leyendadeolivo.com\/es\/#website\",\"url\":\"https:\/\/leyendadeolivo.com\/es\/\",\"name\":\"Leyenda de Olivo\",\"description\":\"The luxury of the essential. The purity of the eternal.\",\"publisher\":{\"@id\":\"https:\/\/leyendadeolivo.com\/es\/#organization\"},\"alternateName\":\"Leyenda de Olivo\",\"potentialAction\":[{\"@type\":\"SearchAction\",\"target\":{\"@type\":\"EntryPoint\",\"urlTemplate\":\"https:\/\/leyendadeolivo.com\/es\/?s={search_term_string}\"},\"query-input\":{\"@type\":\"PropertyValueSpecification\",\"valueRequired\":true,\"valueName\":\"search_term_string\"}}],\"inLanguage\":\"es\"},{\"@type\":\"Organization\",\"@id\":\"https:\/\/leyendadeolivo.com\/es\/#organization\",\"name\":\"Leyenda del Olivo\",\"alternateName\":\"Leyenda del Olivo\",\"url\":\"https:\/\/leyendadeolivo.com\/es\/\",\"logo\":{\"@type\":\"ImageObject\",\"inLanguage\":\"es\",\"@id\":\"https:\/\/leyendadeolivo.com\/es\/#\/schema\/logo\/image\/\",\"url\":\"https:\/\/leyendadeolivo.com\/wp-content\/uploads\/2025\/10\/logo-header.svg\",\"contentUrl\":\"https:\/\/leyendadeolivo.com\/wp-content\/uploads\/2025\/10\/logo-header.svg\",\"width\":1,\"height\":1,\"caption\":\"Leyenda del Olivo\"},\"image\":{\"@id\":\"https:\/\/leyendadeolivo.com\/es\/#\/schema\/logo\/image\/\"},\"sameAs\":[\"https:\/\/www.facebook.com\/leyendadeolivo\",\"https:\/\/www.instagram.com\/leyendadeolivo\/\"]}]}<\/script>\n<!-- \/ Yoast SEO plugin. -->","yoast_head_json":{"title":"Cont\u00e1ctanos | Leyenda de Olivo","description":"Ponte en contacto con Leyenda de Olivo para obtener informaci\u00f3n sobre nuestros aceites de oliva exclusivos. Recibe asesoramiento personalizado.","robots":{"index":"index","follow":"follow","max-snippet":"max-snippet:-1","max-image-preview":"max-image-preview:large","max-video-preview":"max-video-preview:-1"},"canonical":"https:\/\/leyendadeolivo.com\/es\/contacto\/","og_locale":"es_ES","og_type":"article","og_title":"Cont\u00e1ctanos | Leyenda de Olivo","og_description":"Ponte en contacto con Leyenda de Olivo para obtener informaci\u00f3n sobre nuestros aceites de oliva exclusivos. Recibe asesoramiento personalizado.","og_url":"https:\/\/leyendadeolivo.com\/es\/contacto\/","og_site_name":"Leyenda de Olivo","article_publisher":"https:\/\/www.facebook.com\/leyendadeolivo","article_modified_time":"2025-10-30T17:18:29+00:00","og_image":[{"width":1920,"height":833,"url":"https:\/\/leyendadeolivo.com\/wp-content\/uploads\/2025\/10\/vista-del-tronco-del-arbol-en-el-campo-3.jpg","type":"image\/jpeg"}],"twitter_card":"summary_large_image","twitter_misc":{"Tiempo de lectura":"1 minuto"},"schema":{"@context":"https:\/\/schema.org","@graph":[{"@type":"WebPage","@id":"https:\/\/leyendadeolivo.com\/es\/contacto\/","url":"https:\/\/leyendadeolivo.com\/es\/contacto\/","name":"Cont\u00e1ctanos | Leyenda de Olivo","isPartOf":{"@id":"https:\/\/leyendadeolivo.com\/es\/#website"},"primaryImageOfPage":{"@id":"https:\/\/leyendadeolivo.com\/es\/contacto\/#primaryimage"},"image":{"@id":"https:\/\/leyendadeolivo.com\/es\/contacto\/#primaryimage"},"thumbnailUrl":"https:\/\/leyendadeolivo.com\/wp-content\/uploads\/2025\/10\/vista-del-tronco-del-arbol-en-el-campo-3.jpg","datePublished":"2025-10-20T13:41:31+00:00","dateModified":"2025-10-30T17:18:29+00:00","description":"Ponte en contacto con Leyenda de Olivo para obtener informaci\u00f3n sobre nuestros aceites de oliva exclusivos. Recibe asesoramiento personalizado.","breadcrumb":{"@id":"https:\/\/leyendadeolivo.com\/es\/contacto\/#breadcrumb"},"inLanguage":"es","potentialAction":[{"@type":"ReadAction","target":["https:\/\/leyendadeolivo.com\/es\/contacto\/"]}]},{"@type":"ImageObject","inLanguage":"es","@id":"https:\/\/leyendadeolivo.com\/es\/contacto\/#primaryimage","url":"https:\/\/leyendadeolivo.com\/wp-content\/uploads\/2025\/10\/vista-del-tronco-del-arbol-en-el-campo-3.jpg","contentUrl":"https:\/\/leyendadeolivo.com\/wp-content\/uploads\/2025\/10\/vista-del-tronco-del-arbol-en-el-campo-3.jpg","width":1920,"height":833,"caption":"contact us"},{"@type":"BreadcrumbList","@id":"https:\/\/leyendadeolivo.com\/es\/contacto\/#breadcrumb","itemListElement":[{"@type":"ListItem","position":1,"name":"Portada","item":"https:\/\/leyendadeolivo.com\/es\/"},{"@type":"ListItem","position":2,"name":"Contacto"}]},{"@type":"WebSite","@id":"https:\/\/leyendadeolivo.com\/es\/#website","url":"https:\/\/leyendadeolivo.com\/es\/","name":"Leyenda de Olivo","description":"The luxury of the essential. The purity of the eternal.","publisher":{"@id":"https:\/\/leyendadeolivo.com\/es\/#organization"},"alternateName":"Leyenda de Olivo","potentialAction":[{"@type":"SearchAction","target":{"@type":"EntryPoint","urlTemplate":"https:\/\/leyendadeolivo.com\/es\/?s={search_term_string}"},"query-input":{"@type":"PropertyValueSpecification","valueRequired":true,"valueName":"search_term_string"}}],"inLanguage":"es"},{"@type":"Organization","@id":"https:\/\/leyendadeolivo.com\/es\/#organization","name":"Leyenda del Olivo","alternateName":"Leyenda del Olivo","url":"https:\/\/leyendadeolivo.com\/es\/","logo":{"@type":"ImageObject","inLanguage":"es","@id":"https:\/\/leyendadeolivo.com\/es\/#\/schema\/logo\/image\/","url":"https:\/\/leyendadeolivo.com\/wp-content\/uploads\/2025\/10\/logo-header.svg","contentUrl":"https:\/\/leyendadeolivo.com\/wp-content\/uploads\/2025\/10\/logo-header.svg","width":1,"height":1,"caption":"Leyenda del Olivo"},"image":{"@id":"https:\/\/leyendadeolivo.com\/es\/#\/schema\/logo\/image\/"},"sameAs":["https:\/\/www.facebook.com\/leyendadeolivo","https:\/\/www.instagram.com\/leyendadeolivo\/"]}]}},"_links":{"self":[{"href":"https:\/\/leyendadeolivo.com\/es\/wp-json\/wp\/v2\/pages\/616","targetHints":{"allow":["GET"]}}],"collection":[{"href":"https:\/\/leyendadeolivo.com\/es\/wp-json\/wp\/v2\/pages"}],"about":[{"href":"https:\/\/leyendadeolivo.com\/es\/wp-json\/wp\/v2\/types\/page"}],"author":[{"embeddable":true,"href":"https:\/\/leyendadeolivo.com\/es\/wp-json\/wp\/v2\/users\/1"}],"replies":[{"embeddable":true,"href":"https:\/\/leyendadeolivo.com\/es\/wp-json\/wp\/v2\/comments?post=616"}],"version-history":[{"count":4,"href":"https:\/\/leyendadeolivo.com\/es\/wp-json\/wp\/v2\/pages\/616\/revisions"}],"predecessor-version":[{"id":725,"href":"https:\/\/leyendadeolivo.com\/es\/wp-json\/wp\/v2\/pages\/616\/revisions\/725"}],"wp:featuredmedia":[{"embeddable":true,"href":"https:\/\/leyendadeolivo.com\/es\/wp-json\/wp\/v2\/media\/617"}],"wp:attachment":[{"href":"https:\/\/leyendadeolivo.com\/es\/wp-json\/wp\/v2\/media?parent=616"}],"curies":[{"name":"wp","href":"https:\/\/api.w.org\/{rel}","templated":true}]}}